{"id":259,"date":"2022-12-21T15:42:26","date_gmt":"2022-12-21T20:42:26","guid":{"rendered":"https:\/\/neutralfibers.com\/?page_id=259"},"modified":"2023-01-13T11:36:57","modified_gmt":"2023-01-13T16:36:57","slug":"el-proyecto","status":"publish","type":"page","link":"https:\/\/neutralfibers.com\/index.php\/el-proyecto\/","title":{"rendered":"El Proyecto"},"content":{"rendered":"\t\t<div data-elementor-type=\"wp-page\" data-elementor-id=\"259\" class=\"elementor elementor-259\">\n\t\t\t\t\t\t<div class=\"elementor-inner\">\n\t\t\t\t<div class=\"elementor-section-wrap\">\n\t\t\t\t\t\t\t\t\t<section class=\"elementor-section elementor-top-section elementor-element elementor-element-f3aa0e0 elementor-section-boxed elementor-section-height-default elementor-section-height-default\" data-id=\"f3aa0e0\" data-element_type=\"section\">\n\t\t\t\t\t\t<div class=\"elementor-container elementor-column-gap-default\">\n\t\t\t\t\t\t\t<div class=\"elementor-row\">\n\t\t\t\t\t<div class=\"aux-parallax-section elementor-column elementor-col-100 elementor-top-column elementor-element elementor-element-5678cd2\" data-id=\"5678cd2\" data-element_type=\"column\">\n\t\t\t<div class=\"elementor-column-wrap elementor-element-populated\">\n\t\t\t\t\t\t\t<div class=\"elementor-widget-wrap\">\n\t\t\t\t\t\t<div class=\"elementor-element elementor-element-3378852 elementor-widget elementor-widget-aux_modern_heading\" data-id=\"3378852\" data-element_type=\"widget\" data-widget_type=\"aux_modern_heading.default\">\n\t\t\t\t<div class=\"elementor-widget-container\">\n\t\t\t<section class=\"aux-widget-modern-heading\">\n            <div class=\"aux-widget-inner\"><h2 class=\"aux-modern-heading-primary\">Proyecto y Fases<\/h2><h3 class=\"aux-modern-heading-secondary\"><span class=\"aux-head-before\">EL PROYECTO DE FIBRA NEUTRAL 100%IP<\/span><\/h3><div class=\"aux-modern-heading-divider\"><\/div><div class=\"aux-modern-heading-description\"><p>A continuaci\u00f3n podr\u00e1 conocer la dimensi\u00f3n del proyecto junto con las coberturas proyectadas y puertos instalados adem\u00e1s de los avances en % de ejecuci\u00f3n.<\/p><\/div><\/div>\n        <\/section>\t\t<\/div>\n\t\t\t\t<\/div>\n\t\t\t\t\t\t<\/div>\n\t\t\t\t\t<\/div>\n\t\t<\/div>\n\t\t\t\t\t\t\t\t<\/div>\n\t\t\t\t\t<\/div>\n\t\t<\/section>\n\t\t\t\t<section class=\"elementor-section elementor-top-section elementor-element elementor-element-c25371d elementor-section-boxed elementor-section-height-default elementor-section-height-default\" data-id=\"c25371d\" data-element_type=\"section\">\n\t\t\t\t\t\t<div class=\"elementor-container elementor-column-gap-default\">\n\t\t\t\t\t\t\t<div class=\"elementor-row\">\n\t\t\t\t\t<div class=\"aux-parallax-section elementor-column elementor-col-50 elementor-top-column elementor-element elementor-element-6f0e763\" data-id=\"6f0e763\" data-element_type=\"column\">\n\t\t\t<div class=\"elementor-column-wrap elementor-element-populated\">\n\t\t\t\t\t\t\t<div class=\"elementor-widget-wrap\">\n\t\t\t\t\t\t<div class=\"elementor-element elementor-element-63bfb98 elementor-widget elementor-widget-image\" data-id=\"63bfb98\" data-element_type=\"widget\" data-widget_type=\"image.default\">\n\t\t\t\t<div class=\"elementor-widget-container\">\n\t\t\t\t\t\t\t\t<div class=\"elementor-image\">\n\t\t\t\t\t\t\t\t\t\t\t\t<img decoding=\"async\" width=\"3500\" height=\"2792\" src=\"https:\/\/neutralfibers.com\/wp-content\/uploads\/2023\/01\/proyecto-fases-1.png\" class=\"attachment-full size-full wp-image-507\" alt=\"\" loading=\"lazy\" srcset=\"https:\/\/neutralfibers.com\/wp-content\/uploads\/2023\/01\/proyecto-fases-1.png 3500w, https:\/\/neutralfibers.com\/wp-content\/uploads\/2023\/01\/proyecto-fases-1-1536x1225.png 1536w, https:\/\/neutralfibers.com\/wp-content\/uploads\/2023\/01\/proyecto-fases-1-2048x1634.png 2048w\" sizes=\"(max-width: 3500px) 100vw, 3500px\" \/>\t\t\t\t\t\t\t\t\t\t\t\t\t\t<\/div>\n\t\t\t\t\t\t<\/div>\n\t\t\t\t<\/div>\n\t\t\t\t\t\t<\/div>\n\t\t\t\t\t<\/div>\n\t\t<\/div>\n\t\t\t\t<div class=\"aux-parallax-section elementor-column elementor-col-50 elementor-top-column elementor-element elementor-element-d07381e\" data-id=\"d07381e\" data-element_type=\"column\">\n\t\t\t<div class=\"elementor-column-wrap\">\n\t\t\t\t\t\t\t<div class=\"elementor-widget-wrap\">\n\t\t\t\t\t\t\t\t<\/div>\n\t\t\t\t\t<\/div>\n\t\t<\/div>\n\t\t\t\t\t\t\t\t<\/div>\n\t\t\t\t\t<\/div>\n\t\t<\/section>\n\t\t\t\t\t\t\t\t\t<\/div>\n\t\t\t<\/div>\n\t\t\t\t\t<\/div>\n\t\t","protected":false},"excerpt":{"rendered":"<p>Proyecto y Fases EL PROYECTO DE FIBRA NEUTRAL 100%IP A continuaci\u00f3n podr\u00e1 conocer la dimensi\u00f3n del proyecto junto con las coberturas proyectadas y puertos instalados adem\u00e1s de los avances en % de ejecuci\u00f3n.<\/p>\n","protected":false},"author":1,"featured_media":0,"parent":0,"menu_order":0,"comment_status":"closed","ping_status":"closed","template":"","meta":{"om_disable_all_campaigns":false,"_mi_skip_tracking":false},"aioseo_notices":[],"_links":{"self":[{"href":"https:\/\/neutralfibers.com\/index.php\/wp-json\/wp\/v2\/pages\/259"}],"collection":[{"href":"https:\/\/neutralfibers.com\/index.php\/wp-json\/wp\/v2\/pages"}],"about":[{"href":"https:\/\/neutralfibers.com\/index.php\/wp-json\/wp\/v2\/types\/page"}],"author":[{"embeddable":true,"href":"https:\/\/neutralfibers.com\/index.php\/wp-json\/wp\/v2\/users\/1"}],"replies":[{"embeddable":true,"href":"https:\/\/neutralfibers.com\/index.php\/wp-json\/wp\/v2\/comments?post=259"}],"version-history":[{"count":22,"href":"https:\/\/neutralfibers.com\/index.php\/wp-json\/wp\/v2\/pages\/259\/revisions"}],"predecessor-version":[{"id":515,"href":"https:\/\/neutralfibers.com\/index.php\/wp-json\/wp\/v2\/pages\/259\/revisions\/515"}],"wp:attachment":[{"href":"https:\/\/neutralfibers.com\/index.php\/wp-json\/wp\/v2\/media?parent=259"}],"curies":[{"name":"wp","href":"https:\/\/api.w.org\/{rel}","templated":true}]}}